{"id":100,"date":"2018-02-02T17:59:55","date_gmt":"2018-02-02T16:59:55","guid":{"rendered":"https:\/\/e-dermato.org\/site\/?page_id=100"},"modified":"2022-04-13T12:59:45","modified_gmt":"2022-04-13T10:59:45","slug":"les-partenaires","status":"publish","type":"page","link":"https:\/\/e-dermato.org\/site\/les-partenaires\/","title":{"rendered":"Les partenaires"},"content":{"rendered":"<div id=\"pl-100\"  class=\"panel-layout\" ><div id=\"pg-100-0\"  class=\"panel-grid panel-no-style\" ><div id=\"pgc-100-0-0\"  class=\"panel-grid-cell\" ><div id=\"panel-100-0-0-0\" class=\"so-panel widget widget_text panel-first-child panel-last-child\" data-index=\"0\" >\t\t\t<div class=\"textwidget\"><div style=\"text-align: center;\"><img loading=\"lazy\" decoding=\"async\" class=\"alignnone size-full wp-image-709\" src=\"https:\/\/e-dermato.org\/site\/wp-content\/uploads\/Logo-source-1.png\" alt=\"\" width=\"150\" height=\"150\" \/><\/div>\n<\/div>\n\t\t<\/div><\/div><div id=\"pgc-100-0-1\"  class=\"panel-grid-cell\" ><div id=\"panel-100-0-1-0\" class=\"so-panel widget widget_text panel-first-child panel-last-child\" data-index=\"1\" >\t\t\t<div class=\"textwidget\"><p>Nous offrons la meilleure infrastructure pour vous offrir les meilleures opportunit\u00e9s et le meilleur confort pendant votre \u00e9tude.<\/p>\n<p><a href=\"http:\/\/universitelasource.com\/\" target=\"_blank\" rel=\"noopener\"><b>Universit\u00e9 La Source<\/b><\/a><\/p>\n<\/div>\n\t\t<\/div><\/div><\/div><div id=\"pg-100-1\"  class=\"panel-grid panel-no-style\" ><div id=\"pgc-100-1-0\"  class=\"panel-grid-cell\" ><div id=\"panel-100-1-0-0\" class=\"so-panel widget widget_text panel-first-child panel-last-child\" data-index=\"2\" >\t\t\t<div class=\"textwidget\"><div style=\"text-align: center;\"><img loading=\"lazy\" decoding=\"async\" class=\"alignnone size-medium wp-image-107\" src=\"https:\/\/e-dermato.org\/site\/wp-content\/uploads\/2018\/02\/LOGO-UNFM-300x110.png\" alt=\"UNFM\" width=\"300\" height=\"110\" srcset=\"https:\/\/e-dermato.org\/site\/wp-content\/uploads\/2018\/02\/LOGO-UNFM-300x110.png 300w, https:\/\/e-dermato.org\/site\/wp-content\/uploads\/2018\/02\/LOGO-UNFM.png 500w\" sizes=\"auto, (max-width: 300px) 100vw, 300px\" \/><\/div>\n<\/div>\n\t\t<\/div><\/div><div id=\"pgc-100-1-1\"  class=\"panel-grid-cell\" ><div id=\"panel-100-1-1-0\" class=\"so-panel widget widget_text panel-first-child panel-last-child\" data-index=\"3\" >\t\t\t<div class=\"textwidget\"><p>L&rsquo;UNFM a pour mission d&rsquo;utiliser internet et les technologies de communication pour permettre la cr\u00e9ation et la diffusion d&rsquo;un enseignement de qualit\u00e9 dans un environnement de p\u00e9nurie.<\/p>\n<p><a href=\"http:\/\/www.unfm.org\/\" target=\"_blank\" rel=\"noopener\"><strong>http:\/\/www.unfm.org\/<\/strong><\/a><\/p>\n<\/div>\n\t\t<\/div><\/div><\/div><div id=\"pg-100-2\"  class=\"panel-grid panel-no-style\" ><div id=\"pgc-100-2-0\"  class=\"panel-grid-cell\" ><div id=\"panel-100-2-0-0\" class=\"so-panel widget widget_text panel-first-child panel-last-child\" data-index=\"4\" >\t\t\t<div class=\"textwidget\"><div style=\"text-align: center;\"><img loading=\"lazy\" decoding=\"async\" class=\"alignnone  wp-image-693\" src=\"https:\/\/e-dermato.org\/site\/wp-content\/uploads\/logo_raft.png\" alt=\"\" width=\"184\" height=\"91\" \/><\/div>\n<\/div>\n\t\t<\/div><\/div><div id=\"pgc-100-2-1\"  class=\"panel-grid-cell\" ><div id=\"panel-100-2-1-0\" class=\"so-panel widget widget_text panel-first-child panel-last-child\" data-index=\"5\" >\t\t\t<div class=\"textwidget\"><p>Les plus grands d\u00e9serts m\u00e9dicaux du monde sont l\u2019Afrique sub-saharienne et l\u2019Asie du Sud : l\u2019Organisation Mondiale de la Sant\u00e9 estime qu\u2019il y manque 2 millions de professionnels de la sant\u00e9 pour pouvoir esp\u00e9rer voir se d\u00e9velopper des syst\u00e8mes de sant\u00e9 fonctionnels. Si l\u2019on y regarde de plus pr\u00e8s, les m\u00e9decins se concentrent dans les capitales de ces pays, quitte \u00e0 ne pas avoir assez de travail, cherchant plut\u00f4t \u00e0 \u00e9migrer dans le Nord que d\u2019aller s\u2019installer dans les campagnes. C\u2019est donc aux patients de prendre le chemin de la grande ville, quand ils le peuvent, sur des routes souvent longues et p\u00e9nibles.<\/p>\n<p><a href=\"https:\/\/raft.unige.ch\/\" target=\"_blank\" rel=\"noopener\"><b>RaftUnige.fr<\/b><\/a><\/p>\n<\/div>\n\t\t<\/div><\/div><\/div><div id=\"pg-100-3\"  class=\"panel-grid panel-no-style\" ><div id=\"pgc-100-3-0\"  class=\"panel-grid-cell\" ><div id=\"panel-100-3-0-0\" class=\"so-panel widget widget_text panel-first-child panel-last-child\" data-index=\"6\" >\t\t\t<div class=\"textwidget\"><div style=\"text-align: center;\"><img loading=\"lazy\" decoding=\"async\" class=\"alignnone size-medium wp-image-725\" src=\"https:\/\/e-dermato.org\/site\/wp-content\/uploads\/LDS-logo-011-300x84.jpg\" alt=\"\" width=\"300\" height=\"84\" srcset=\"https:\/\/e-dermato.org\/site\/wp-content\/uploads\/LDS-logo-011-300x84.jpg 300w, https:\/\/e-dermato.org\/site\/wp-content\/uploads\/LDS-logo-011.jpg 494w\" sizes=\"auto, (max-width: 300px) 100vw, 300px\" \/><\/div>\n<\/div>\n\t\t<\/div><\/div><div id=\"pgc-100-3-1\"  class=\"panel-grid-cell\" ><div id=\"panel-100-3-1-0\" class=\"so-panel widget widget_text panel-first-child panel-last-child\" data-index=\"7\" >\t\t\t<div class=\"textwidget\"><p>&nbsp;<\/p>\n<p>&nbsp;<\/p>\n<p>&nbsp;<\/p>\n<\/div>\n\t\t<\/div><\/div><\/div><div id=\"pg-100-4\"  class=\"panel-grid panel-no-style\" ><div id=\"pgc-100-4-0\"  class=\"panel-grid-cell\" ><div id=\"panel-100-4-0-0\" class=\"so-panel widget widget_text panel-first-child panel-last-child\" data-index=\"8\" >\t\t\t<div class=\"textwidget\"><div style=\"text-align: center;\"><img loading=\"lazy\" decoding=\"async\" class=\"alignnone size-full wp-image-726\" src=\"https:\/\/e-dermato.org\/site\/wp-content\/uploads\/Logo-STDV.jpg\" alt=\"\" width=\"166\" height=\"93\" \/><\/div>\n<\/div>\n\t\t<\/div><\/div><div id=\"pgc-100-4-1\"  class=\"panel-grid-cell\" ><div id=\"panel-100-4-1-0\" class=\"so-panel widget widget_text panel-first-child panel-last-child\" data-index=\"9\" >\t\t\t<div class=\"textwidget\"><p>&nbsp;<\/p>\n<p>&nbsp;<\/p>\n<p>&nbsp;<\/p>\n<\/div>\n\t\t<\/div><\/div><\/div><div id=\"pg-100-5\"  class=\"panel-grid panel-no-style\" ><div id=\"pgc-100-5-0\"  class=\"panel-grid-cell\" ><div id=\"panel-100-5-0-0\" class=\"so-panel widget widget_text panel-first-child panel-last-child\" data-index=\"10\" >\t\t\t<div class=\"textwidget\"><div style=\"text-align: center;\"><img loading=\"lazy\" decoding=\"async\" class=\"alignnone size-full wp-image-727\" src=\"https:\/\/e-dermato.org\/site\/wp-content\/uploads\/ASD-Logo-1.png\" alt=\"\" width=\"240\" height=\"120\" \/><\/div>\n<\/div>\n\t\t<\/div><\/div><div id=\"pgc-100-5-1\"  class=\"panel-grid-cell\" ><div id=\"panel-100-5-1-0\" class=\"so-panel widget widget_text panel-first-child panel-last-child\" data-index=\"11\" >\t\t\t<div class=\"textwidget\"><p>&nbsp;<\/p>\n<p>&nbsp;<\/p>\n<p>&nbsp;<\/p>\n<\/div>\n\t\t<\/div><\/div><\/div><\/div><script type=\"text\/javascript\">tagSinglePost(100);<\/script>","protected":false},"excerpt":{"rendered":"<p>Nous offrons la meilleure infrastructure pour vous offrir les meilleures opportunit\u00e9s et le meilleur confort pendant votre \u00e9tude. Universit\u00e9 La Source L&rsquo;UNFM a pour mission d&rsquo;utiliser internet et les technologies de communication pour permettre la cr\u00e9ation et la diffusion d&rsquo;un enseignement de qualit\u00e9 dans un environnement de p\u00e9nurie. http:\/\/www.unfm.org\/<\/p>\n","protected":false},"author":7,"featured_media":0,"parent":0,"menu_order":0,"comment_status":"closed","ping_status":"closed","template":"","meta":{"footnotes":""},"class_list":["post-100","page","type-page","status-publish","hentry","post"],"_links":{"self":[{"href":"https:\/\/e-dermato.org\/site\/wp-json\/wp\/v2\/pages\/100","targetHints":{"allow":["GET"]}}],"collection":[{"href":"https:\/\/e-dermato.org\/site\/wp-json\/wp\/v2\/pages"}],"about":[{"href":"https:\/\/e-dermato.org\/site\/wp-json\/wp\/v2\/types\/page"}],"author":[{"embeddable":true,"href":"https:\/\/e-dermato.org\/site\/wp-json\/wp\/v2\/users\/7"}],"replies":[{"embeddable":true,"href":"https:\/\/e-dermato.org\/site\/wp-json\/wp\/v2\/comments?post=100"}],"version-history":[{"count":0,"href":"https:\/\/e-dermato.org\/site\/wp-json\/wp\/v2\/pages\/100\/revisions"}],"wp:attachment":[{"href":"https:\/\/e-dermato.org\/site\/wp-json\/wp\/v2\/media?parent=100"}],"curies":[{"name":"wp","href":"https:\/\/api.w.org\/{rel}","templated":true}]}}