{"id":110,"date":"2018-02-03T10:00:39","date_gmt":"2018-02-03T08:00:39","guid":{"rendered":"https:\/\/e-dermato.org\/site\/?page_id=110"},"modified":"2023-11-03T10:19:15","modified_gmt":"2023-11-03T09:19:15","slug":"create-new-account","status":"publish","type":"page","link":"https:\/\/e-dermato.org\/site\/create-new-account\/","title":{"rendered":"Enregistrement nouveau membre"},"content":{"rendered":"<div id=\"pl-110\"  class=\"panel-layout\" ><div id=\"pg-110-0\"  class=\"panel-grid panel-no-style\" ><div id=\"pgc-110-0-0\"  class=\"panel-grid-cell\" ><div id=\"panel-110-0-0-0\" class=\"so-panel widget widget_black-studio-tinymce widget_black_studio_tinymce panel-first-child panel-last-child\" data-index=\"0\" ><div class=\"textwidget\"><p><div id=\"wpmem_reg\"><a id=\"register\"><\/a><form name=\"form\" method=\"post\" action=\"https:\/\/e-dermato.org\/site\/create-new-account\/\" id=\"wpmem_register_form\" class=\"form\"><input type=\"hidden\" id=\"_wpmem_register_nonce\" name=\"_wpmem_register_nonce\" value=\"73bcec872a\" \/><input type=\"hidden\" name=\"_wp_http_referer\" value=\"\/site\/wp-json\/wp\/v2\/pages\/110\" \/><fieldset><legend>Nouvel utilisateur\u00a0?<\/legend><label for=\"username\" class=\"text\">Choisissez un Nom d\u2019utilisateur<span class=\"req\">*<\/span><\/label><div class=\"div_text\"><input name=\"username\" type=\"text\" id=\"username\" value=\"\" class=\"textbox\" required  \/><\/div><label for=\"user_email\" class=\"text\">Courriel<span class=\"req\">*<\/span><\/label><div class=\"div_text\"><input name=\"user_email\" type=\"email\" id=\"user_email\" value=\"\" class=\"textbox\" required  \/><\/div><label for=\"password\" class=\"text\">Mot de passe<span class=\"req\">*<\/span><\/label><div class=\"div_text\"><input name=\"password\" type=\"password\" id=\"password\" class=\"textbox\" required  \/><\/div><label for=\"confirm_password\" class=\"text\">Confirmer le mot de passe<span class=\"req\">*<\/span><\/label><div class=\"div_text\"><input name=\"confirm_password\" type=\"password\" id=\"confirm_password\" class=\"textbox\" required  \/><\/div><label for=\"first_name\" class=\"text\">Pr\u00e9nom<\/label><div class=\"div_text\"><input name=\"first_name\" type=\"text\" id=\"first_name\" value=\"\" class=\"textbox\" \/><\/div><label for=\"last_name\" class=\"text\">Nom<span class=\"req\">*<\/span><\/label><div class=\"div_text\"><input name=\"last_name\" type=\"text\" id=\"last_name\" value=\"\" class=\"textbox\" required  \/><\/div><label for=\"profession\" class=\"select\">Profession<span class=\"req\">*<\/span><\/label><div class=\"div_select\"><select name=\"profession\" id=\"profession\" class=\"dropdown\" required ><option value=\"\">---- S\u00e9lectionnez ----<\/option><option value=\"M\u00e9decin g\u00e9n\u00e9raliste\">M\u00e9decin g\u00e9n\u00e9raliste<\/option><option value=\"M\u00e9decin sp\u00e9cialiste\">M\u00e9decin sp\u00e9cialiste<\/option><option value=\"Sant\u00e9 publique\">Sant\u00e9 publique<\/option><option value=\"Infirmier\">Infirmier<\/option><option value=\"Etudiant\">Etudiant<\/option><option value=\"autre\">Autre (pr\u00e9cisez)<\/option><\/select><\/div><label for=\"profession_autre\" class=\"text\">Profession autre<\/label><div class=\"div_text\"><input name=\"profession_autre\" type=\"text\" id=\"profession_autre\" value=\"\" class=\"textbox\" \/><\/div><label for=\"country\" class=\"text\">Pays<span class=\"req\">*<\/span><\/label><div class=\"div_text\"><input name=\"country\" type=\"text\" id=\"country\" value=\"\" class=\"textbox\" required  \/><\/div><label for=\"region_sanitaire\" class=\"text\">R\u00e9gion sanitaire<\/label><div class=\"div_text\"><input name=\"region_sanitaire\" type=\"text\" id=\"region_sanitaire\" value=\"\" class=\"textbox\" \/><\/div><label for=\"activity_area\" class=\"select\">Type d\u2019exercice<span class=\"req\">*<\/span><\/label><div class=\"div_select\"><select name=\"activity_area\" id=\"activity_area\" class=\"dropdown\" required ><option value=\"\">---- S\u00e9lectionnez ----<\/option><option value=\"Public\">Public<\/option><option value=\"Priv\u00e9\">Priv\u00e9<\/option><option value=\"Les deux\">Les deux<\/option><\/select><\/div><label for=\"localisation_exercice\" class=\"select\">Localisation de l'exercice<\/label><div class=\"div_select\"><select name=\"localisation_exercice\" id=\"localisation_exercice\" class=\"dropdown\"><option value=\"\">---- S\u00e9lectionnez ----<\/option><option value=\"Urbain\">Urbain<\/option><option value=\"Rural\">Rural<\/option><option value=\"Les deux\">Les deux<\/option><\/select><\/div><label for=\"annees_d_exercice\" class=\"select\">Ann\u00e9es d\u2019exercice<span class=\"req\">*<\/span><\/label><div class=\"div_select\"><select name=\"annees_d_exercice\" id=\"annees_d_exercice\" class=\"dropdown\" required ><option value=\"\">---- S\u00e9lectionnez ----<\/option><option value=\"0-5\">moins de 5 ans<\/option><option value=\"5-10\">de 5 ans \u00e0 10 ans<\/option><option value=\"10-99\">plus 10 ans<\/option><\/select><\/div><label for=\"session\" class=\"text\">Session<\/label><div class=\"div_text\"><input name=\"session\" type=\"text\" id=\"session\" value=\"\" class=\"textbox\" \/><\/div><div class=\"div_text\"><input name=\"tos\" type=\"checkbox\" id=\"tos\" value=\"agree\" required  \/> <a href=\"https:\/\/e-dermato.org\/site\/conditions-generales-dutilisation\/\" target=\"_blank\">Accepter les conditions g\u00e9n\u00e9rales d'utilisations<\/a><span class=\"req\">*<\/span><\/div><label for=\"programme\" class=\"text\">Programme<span class=\"req\">*<\/span><\/label><div class=\"div_text\"><input name=\"programme\" type=\"text\" id=\"programme\" value=\"\" class=\"textbox\" required  \/><\/div><script src=\"https:\/\/www.google.com\/recaptcha\/api.js?render=6LepoMweAAAAACEn_Hm51d745vtnRfHXF0A_Db7r\"><\/script><script>grecaptcha.ready(function () {grecaptcha.execute('6LepoMweAAAAACEn_Hm51d745vtnRfHXF0A_Db7r', { action: 'contact' }).then(function (token) {var recaptchaResponse = document.getElementById('recaptchaResponse');recaptchaResponse.value = token;});});<\/script><input type=\"hidden\" name=\"recaptcha_response\" id=\"recaptchaResponse\"><input name=\"parrain\" type=\"hidden\" value=\"parrain\" \/><input name=\"a\" type=\"hidden\" value=\"register\" \/><input name=\"wpmem_reg_page\" type=\"hidden\" value=\"https:\/\/e-dermato.org\/site\/create-new-account\/\" \/><div class=\"button_div\"><input name=\"submit\" type=\"submit\" value=\"S\u2019enregistrer\" class=\"buttons\" \/><\/div><div class=\"req-text\"><span class=\"req\">*<\/span>Champ requis<\/div><\/fieldset><\/form><\/div><\/p>\n<p><style>\n\t\th1 {\n\t\t\tcolor: red important!;\n\t\t  }\n\t\t  .bgnotification {\n\t\t\theight:100vh;\n\t\t\twidth: 100vw;\n\t\t\tpadding: 0px;\n\t\t\tmargin: 0px;\n\t\t\tborder-bottom: #0a0;\n\t\t\tbackground: rgba(75,75,75,0.90);\n\t\t\ttext-align: center;\n\t\t\tposition: fixed;\n\t\t\ttop: 0px;\n\t\t\tleft:0px;\n\t\t\tfont-size: 16px;\n\t\t\tcolor: #fff;\n\t\t\ttext-shadow: 1px 1px 0px #999;\n\t\t\tz-index: 99999;\n\t\t  }\n\t\t  .notification {\n\t\t\tfloat:left;\n\t\t\theight:50vh;\n\t\t\twidth: 50vw;\n\t\t\tpadding: 0px;\n\t\t\tmargin-top:48px;\n\t\t\tmargin-left: 25%;\n\t\t\tborder-bottom: #0a0;\n\t\t\tbackground: rgba(75,75,75,0.90);\n\t\t\ttext-align: center;\n\t\t\tposition: relative;\n\t\t\tfont-size: 16px;\n\t\t\tcolor: #fff;\n\t\t\ttext-shadow: 1px 1px 0px #999;\n\t\t\tz-index: 99999;\n\t\t  }\n\t\t  .btnotification {\n\t\t\tfloat:left;\n\t\t\tpadding: 12px;\n\t\t\tmargin-top:48px;\n\t\t\tmargin-left: 50%;\n\t\t\tborder-bottom: #0a0;\n\t\t\tbackground: rgba(75,200,75,1);\n\t\t\ttext-align: center;\n\t\t\tposition: relative;\n\t\t\tfont-size: 16px;\n\t\t\tcolor: #fff;\n\t\t\ttext-shadow: 1px 1px 0px #999;\n\t\t\tz-index: 99999;\n\t\t  }\n\t\t  <\/style><div id=\"bgnotification\" class=\"bgnotification\"><div class=\"notification\"><h1 style=\"color: red;\"><strong>WARNING<\/strong><\/h1>\r\n<p>- La reproduction et l'utilisation de tous les documents et informations publi\u00e9s sur ce site ne sont autoris\u00e9es qu'\u00e0 des fins exclusives d'information pour un usage strictement personnel et priv\u00e9.<br \/>\r\n<br \/>\r\nToute reproduction, utilisation, adaptation, incorporation, modification ou diffusion de copies r\u00e9alis\u00e9es \u00e0 d'autres fins est express\u00e9ment interdite et sanctionn\u00e9e par la loi.<\/p>\r\n<p>Je reconnais avoir pris connaissance des conditions g\u00e9n\u00e9rales d'utilisation.<\/p><div class=\"btnotification\" style=\"cursor: pointer;\" onclick=\"jQuery( '#bgnotification' ).hide();\">Yes I'm agree<\/div><\/div><\/div><script><\/script><\/p>\n<\/div><\/div><\/div><\/div><\/div><script type=\"text\/javascript\">tagSinglePost(110);<\/script>","protected":false},"excerpt":{"rendered":"<p>Nouvel utilisateur\u00a0?Choisissez un Nom d\u2019utilisateur*Courriel*Mot de passe*Confirmer le mot de passe*Pr\u00e9nomNom*Profession*&#8212;- S\u00e9lectionnez &#8212;-M\u00e9decin g\u00e9n\u00e9ralisteM\u00e9decin sp\u00e9cialisteSant\u00e9 publiqueInfirmierEtudiantAutre (pr\u00e9cisez)Profession autrePays*R\u00e9gion sanitaireType d\u2019exercice*&#8212;- S\u00e9lectionnez &#8212;-PublicPriv\u00e9Les deuxLocalisation de l&rsquo;exercice&#8212;- S\u00e9lectionnez &#8212;-UrbainRuralLes deuxAnn\u00e9es d\u2019exercice*&#8212;- S\u00e9lectionnez &#8212;-moins de 5 ansde 5 ans \u00e0 10 ansplus 10 ansSession Accepter les conditions g\u00e9n\u00e9rales d&rsquo;utilisations*Programme**Champ requis WARNING &#8211; La reproduction et l&rsquo;utilisation de tous [&hellip;]<\/p>\n","protected":false},"author":7,"featured_media":0,"parent":0,"menu_order":0,"comment_status":"closed","ping_status":"closed","template":"","meta":{"footnotes":""},"class_list":["post-110","page","type-page","status-publish","hentry","post"],"_links":{"self":[{"href":"https:\/\/e-dermato.org\/site\/wp-json\/wp\/v2\/pages\/110","targetHints":{"allow":["GET"]}}],"collection":[{"href":"https:\/\/e-dermato.org\/site\/wp-json\/wp\/v2\/pages"}],"about":[{"href":"https:\/\/e-dermato.org\/site\/wp-json\/wp\/v2\/types\/page"}],"author":[{"embeddable":true,"href":"https:\/\/e-dermato.org\/site\/wp-json\/wp\/v2\/users\/7"}],"replies":[{"embeddable":true,"href":"https:\/\/e-dermato.org\/site\/wp-json\/wp\/v2\/comments?post=110"}],"version-history":[{"count":0,"href":"https:\/\/e-dermato.org\/site\/wp-json\/wp\/v2\/pages\/110\/revisions"}],"wp:attachment":[{"href":"https:\/\/e-dermato.org\/site\/wp-json\/wp\/v2\/media?parent=110"}],"curies":[{"name":"wp","href":"https:\/\/api.w.org\/{rel}","templated":true}]}}