{"id":162,"date":"2018-02-15T14:24:26","date_gmt":"2018-02-15T12:24:26","guid":{"rendered":"https:\/\/e-dermato.org\/site\/?page_id=162"},"modified":"2018-03-06T12:09:08","modified_gmt":"2018-03-06T10:09:08","slug":"user-update-password","status":"publish","type":"page","link":"https:\/\/e-dermato.org\/site\/user-update-password\/","title":{"rendered":"Mise \u00e0 jour mot de passe"},"content":{"rendered":"<div id=\"pl-162\"  class=\"panel-layout\" ><div id=\"pg-162-0\"  class=\"panel-grid panel-no-style\" ><div id=\"pgc-162-0-0\"  class=\"panel-grid-cell\" ><div id=\"panel-162-0-0-0\" class=\"so-panel widget widget_text panel-first-child panel-last-child\" data-index=\"0\" >\t\t\t<div class=\"textwidget\"><p><strong><div id=\"wpmem_login\"><a id=\"pwdreset\"><\/a><form action=\"\" method=\"POST\" id=\"wpmem_pwdreset_form\" class=\"form\"><input type=\"hidden\" id=\"_wpmem_pwdreset_nonce\" name=\"_wpmem_pwdreset_nonce\" value=\"7d3a54bd41\" \/><input type=\"hidden\" name=\"_wp_http_referer\" value=\"\/site\/wp-json\/wp\/v2\/pages\/162\" \/><fieldset><legend>R\u00e9initialiser le mot de passe oubli\u00e9<\/legend><label for=\"user\">Identifiant ou e-mail<\/label><div class=\"div_text\"><input name=\"user\" type=\"text\" id=\"user\" value=\"\" class=\"username\" required  \/><\/div><input name=\"a\" type=\"hidden\" value=\"pwdreset\" \/><input name=\"redirect_to\" type=\"hidden\" value=\"\/site\/wp-json\/wp\/v2\/pages\/162\" \/><input name=\"formsubmit\" type=\"hidden\" value=\"1\" \/><div class=\"button_div\"><input type=\"submit\" name=\"Submit\" value=\"R\u00e9initialiser le mot de passe\" class=\"buttons\" \/><\/div><div class=\"link-text\"><span class=\"link-text-username\">Identifiant oubli\u00e9\u00a0?&nbsp;<a href=\"https:\/\/e-dermato.org\/site\/user-update-password\/?a=getusername\">Cliquer ici<\/a><\/span><\/div><\/fieldset><\/form><\/div><\/strong><\/p>\n<\/div>\n\t\t<\/div><\/div><\/div><\/div><script type=\"text\/javascript\">tagSinglePost(162);<\/script>","protected":false},"excerpt":{"rendered":"<p>R\u00e9initialiser le mot de passe oubli\u00e9Identifiant ou e-mailIdentifiant oubli\u00e9\u00a0?&nbsp;Cliquer ici<\/p>\n","protected":false},"author":7,"featured_media":0,"parent":0,"menu_order":0,"comment_status":"closed","ping_status":"closed","template":"","meta":{"footnotes":""},"class_list":["post-162","page","type-page","status-publish","hentry","post"],"_links":{"self":[{"href":"https:\/\/e-dermato.org\/site\/wp-json\/wp\/v2\/pages\/162","targetHints":{"allow":["GET"]}}],"collection":[{"href":"https:\/\/e-dermato.org\/site\/wp-json\/wp\/v2\/pages"}],"about":[{"href":"https:\/\/e-dermato.org\/site\/wp-json\/wp\/v2\/types\/page"}],"author":[{"embeddable":true,"href":"https:\/\/e-dermato.org\/site\/wp-json\/wp\/v2\/users\/7"}],"replies":[{"embeddable":true,"href":"https:\/\/e-dermato.org\/site\/wp-json\/wp\/v2\/comments?post=162"}],"version-history":[{"count":0,"href":"https:\/\/e-dermato.org\/site\/wp-json\/wp\/v2\/pages\/162\/revisions"}],"wp:attachment":[{"href":"https:\/\/e-dermato.org\/site\/wp-json\/wp\/v2\/media?parent=162"}],"curies":[{"name":"wp","href":"https:\/\/api.w.org\/{rel}","templated":true}]}}