{"id":623,"date":"2022-02-03T16:59:38","date_gmt":"2022-02-03T15:59:38","guid":{"rendered":"https:\/\/e-dermato.org\/site\/?page_id=623"},"modified":"2022-05-24T09:53:19","modified_gmt":"2022-05-24T07:53:19","slug":"auto-evaluation","status":"publish","type":"page","link":"https:\/\/e-dermato.org\/site\/auto-evaluation\/","title":{"rendered":"Evaluation"},"content":{"rendered":"<div id=\"pl-623\"  class=\"panel-layout\" ><div id=\"pg-623-0\"  class=\"panel-grid panel-no-style\" ><div id=\"pgc-623-0-0\"  class=\"panel-grid-cell\" ><div id=\"panel-623-0-0-0\" class=\"so-panel widget widget_black-studio-tinymce widget_black_studio_tinymce panel-first-child panel-last-child\" data-index=\"0\" ><div class=\"textwidget\"><p><span style=\"color: #b50131;\"><strong>A.NIVEAU 1 :<\/strong><\/span><\/p>\n<p>Pour le niveau 1, nous organiserons l\u2019\u00e9valuation au besoin.<\/p>\n<p>L\u2019\u00e9tudiant ou le m\u00e9decin qui souhaite \u00eatre \u00e9valuer pour ce niveau doit simplement contacter le secr\u00e9tariat et y laisser ces renseignements. Dans la section contact par exemple, la demande peut \u00eatre introduite et nous contacterons le candidat pour organiser son \u00e9valuation qui sera compos\u00e9 de cas clinique de patients avec des probl\u00e8mes cutan\u00e9s et des QCM.<\/p>\n<p><strong><span style=\"color: #b50131;\">B.NIVEAU 2<\/span> <span style=\"color: #b50131;\">:<\/span><br \/>\n<\/strong><strong><br \/>\n<span style=\"font-size: 14px;\">1. DIPLOME D\u2019ETUDES SUPERIEURES EN DERMATOLOGIE PRATIQUE<\/span><\/strong><\/p>\n<p>Nous proposons les m\u00e9thodes d'\u00e9valuations suivantes pour chaque module :<\/p>\n<p><strong>a.Evaluation de stages (40%)<\/strong><\/p>\n<p>Pour le parcours \u00ab dipl\u00f4me d\u2019\u00e9tudes sup\u00e9rieures en Dermatologie Pratique \u00bb, l\u2019\u00e9tudiant sera soumis chaque ann\u00e9e \u00e0 une \u00e9valuation de stages au niveau des diff\u00e9rents centres d\u2019applications retenus : Maroc, Liban, Alg\u00e9rie et Tunisie<\/p>\n<p>Pendant cette \u00e9valuation, les \u00e9tudiants devront g\u00e9rer les patients avec des probl\u00e8mes cutan\u00e9s vari\u00e9s. Sa note pendant cette phase d\u00e9pendra de sa d\u00e9marche diagnostique dans la gestion des cas auxquels ils seront confront\u00e9s. Elle se fera en pr\u00e9sentiel sous le contr\u00f4le des diff\u00e9rents responsables de stages.<\/p>\n<p><strong>b.Cas d'\u00e9tude (20%)<\/strong><\/p>\n<p>Des cas cliniques seront soumis par les apprenants en suivant un sch\u00e9ma bien d\u00e9fini. Nous d\u00e9finirons les diff\u00e9rentes \u00e9tapes concernant cette soumission. Il n'est pas n\u00e9cessaire que le cas soit li\u00e9 au module. L'important est de pr\u00e9senter une condition cutan\u00e9e et de mieux d\u00e9crire toutes les \u00e9tapes. Elle se fait en ligne<\/p>\n<p><strong>b.Revue des pairs (10%)<\/strong><\/p>\n<p>Chaque apprenant re\u00e7ois un cas soumis par un de ces coll\u00e8gues qu'il \u00e9value. Elle se fait par ligne.<\/p>\n<p><strong>e.QCM (30%)<\/strong><\/p>\n<p>Des apprenants sont soumis \u00e0 des QCM avec une seule bonne r\u00e9ponse d'une dur\u00e9e d'1 heure \u00e0 la fin de chaque module.<\/p>\n<p>A la fin de leur stage dans les centres retenus, l\u2019\u00e9tudiant devra r\u00e9pondre \u00e0 des QCM concernant chaque module. Les responsables de stages sont charg\u00e9s d\u2019assurer la tenue r\u00e9guli\u00e8re de cette \u00e9valuation au niveau de leur centre respectif. Elle se tient en pr\u00e9sentiel.<\/p>\n<p>Pour obtenir la note globale pour chaque \u00e9tudiant, nous effectuerons la moyenne des notes obtenues par \u00e9valuation en tenant compte des diff\u00e9rentes pond\u00e9rations mentionn\u00e9es ci-haut.<\/p>\n<p>Pour un meilleur soutien de nos \u00e9tudiants dans toutes ces taches, une \u00e9quipe d\u2019administrateur de 3\u00e8me cycle et une \u00e9quipe de technologie d\u2019apprentissage assisteront le personnel acad\u00e9mique qui enseigne et supervise le 3\u00e8me cycle.<\/p>\n<p><span style=\"color: #b50131;\"><strong>II . MSc EN DERMATOLOGIE CLINIQUE<\/strong><\/span><\/p>\n<p><strong>1. MODULE 1 \u2013 M\u00e9thodologies de recherche et \u00e9valuation critique<\/strong><\/p>\n<p>Pour ce module, nous proposons les types d\u2019\u00e9valuations suivantes :<\/p>\n<p><strong>a.Evaluation de stages (40%)<\/strong><\/p>\n<p>Pour le parcours \u00ab dipl\u00f4me d\u2019\u00e9tudes sup\u00e9rieures en Dermatologie Pratique \u00bb, l\u2019\u00e9tudiant sera soumis chaque ann\u00e9e \u00e0 une \u00e9valuation de stages au niveau des diff\u00e9rents centres d\u2019applications retenus : Maroc, Liban, Alg\u00e9rie et Tunisie<\/p>\n<p>Pendant cette \u00e9valuation, les \u00e9tudiants devront g\u00e9rer les patients avec des probl\u00e8mes cutan\u00e9s vari\u00e9s. Sa note pendant cette phase d\u00e9pendra de sa d\u00e9marche diagnostique dans la gestion des cas auxquels ils seront confront\u00e9s. Elle se fera en pr\u00e9sentiel sous le contr\u00f4le des diff\u00e9rents responsables de stages.<\/p>\n<p>Pour \u00eatre autoris\u00e9 \u00e0 soumettre un projet professionnel, l\u2019\u00e9tudiant devra valider cette \u00e9valuation.<\/p>\n<p><strong>b.Cas d'\u00e9tude (20%)<\/strong><\/p>\n<p>Des cas cliniques seront soumis par les apprenants en suivant un sch\u00e9ma bien d\u00e9fini. Nous d\u00e9finirons les diff\u00e9rentes \u00e9tapes concernant cette soumission. Il n'est pas n\u00e9cessaire que le cas soit li\u00e9 au module. L'important est de pr\u00e9senter une condition cutan\u00e9e et de mieux d\u00e9crire toutes les \u00e9tapes. Elle se fait en ligne<\/p>\n<p><strong>c.Revue des pairs (10%)<\/strong><\/p>\n<p>Chaque apprenant re\u00e7ois un cas soumis par un de ces coll\u00e8gues qu'il \u00e9value. Elle se fait par ligne.<\/p>\n<p><strong>e.QCM (30%)<\/strong><\/p>\n<p>Des apprenants sont soumis \u00e0 des QCM avec une seule bonne r\u00e9ponse d'une dur\u00e9e d'1 heure \u00e0 la fin de chaque module.<\/p>\n<p>A la fin de leur stage dans les centres retenus, l\u2019\u00e9tudiant devra r\u00e9pondre \u00e0 des QCM concernant chaque module. Les responsables de stages sont charg\u00e9s d\u2019assurer la tenue r\u00e9guli\u00e8re de cette \u00e9valuation au niveau de leur centre respectif. Elle se tient en pr\u00e9sentiel.<\/p>\n<p>Pour obtenir la note globale pour chaque \u00e9tudiant, nous effectuerons la moyenne des notes obtenues par \u00e9valuation en tenant compte des diff\u00e9rentes pond\u00e9rations mentionn\u00e9es ci-haut.<\/p>\n<p>Pour un meilleur soutien de nos \u00e9tudiants dans toutes ces taches, une \u00e9quipe d\u2019administrateur de 3\u00e8me cycle et une \u00e9quipe de technologie d\u2019apprentissage assisteront le personnel acad\u00e9mique qui enseigne et supervise le 3\u00e8me cycle.<\/p>\n<p><strong>2.MODULE 2 \u2013 Projet professionnel<\/strong><\/p>\n<p>Pour ce module, les m\u00e9thodes d\u2019\u00e9valuations suivantes sont propos\u00e9es :<\/p>\n<p><strong>a.Proposition de projet professionnel (10%)<\/strong><\/p>\n<p>Les \u00e9tudiants travailleront avec leur superviseur pour soumettre une proposition de projet professionnel pour le sujet choisi.<\/p>\n<p>Les \u00e9tudiants fourniront un r\u00e9sum\u00e9 (1500 mots plus ou moins 10%) d\u00e9crivant leur proposition et, si n\u00e9cessaire, d\u00e9velopperont et soumettront une documentation \u00e0 l'approbation du comit\u00e9 d'\u00e9thique de l'Universit\u00e9.<\/p>\n<p><strong>b.Projet Professionnel (90%)<\/strong><\/p>\n<p>Les \u00e9tudiants cr\u00e9eront un m\u00e9moire dont le th\u00e8me a \u00e9t\u00e9 d\u00e9velopp\u00e9 en discussion avec leur tuteur.<\/p>\n<p>La th\u00e8se devrait contenir 10.000 \u00e0 15.000 mots avec plus ou moins 10%<\/p>\n<p>La moyenne de ces 2 modules avec leur pond\u00e9ration d\u00e9terminera la moyenne pour le module 2<\/p>\n<p>La note globale pour le MSc sera la moyenne entre les notes des module 1 et module 2.<\/p>\n<p><span style=\"color: #b50131;\"><strong>III . PhD EN SCIENCES DERMATOLOGIQUES<\/strong><\/span><\/p>\n<p>La m\u00e9thode d\u2019\u00e9valuation d\u00e9pendra du superviseur.<\/p>\n<\/div><\/div><\/div><\/div><\/div><script type=\"text\/javascript\">tagSinglePost(623);<\/script>","protected":false},"excerpt":{"rendered":"<p>A.NIVEAU 1 : Pour le niveau 1, nous organiserons l\u2019\u00e9valuation au besoin. L\u2019\u00e9tudiant ou le m\u00e9decin qui souhaite \u00eatre \u00e9valuer pour ce niveau doit simplement contacter le secr\u00e9tariat et y laisser ces renseignements. Dans la section contact par exemple, la demande peut \u00eatre introduite et nous contacterons le candidat pour organiser son \u00e9valuation qui sera [&hellip;]<\/p>\n","protected":false},"author":7,"featured_media":0,"parent":0,"menu_order":0,"comment_status":"closed","ping_status":"closed","template":"","meta":{"footnotes":""},"class_list":["post-623","page","type-page","status-publish","hentry","post"],"_links":{"self":[{"href":"https:\/\/e-dermato.org\/site\/wp-json\/wp\/v2\/pages\/623","targetHints":{"allow":["GET"]}}],"collection":[{"href":"https:\/\/e-dermato.org\/site\/wp-json\/wp\/v2\/pages"}],"about":[{"href":"https:\/\/e-dermato.org\/site\/wp-json\/wp\/v2\/types\/page"}],"author":[{"embeddable":true,"href":"https:\/\/e-dermato.org\/site\/wp-json\/wp\/v2\/users\/7"}],"replies":[{"embeddable":true,"href":"https:\/\/e-dermato.org\/site\/wp-json\/wp\/v2\/comments?post=623"}],"version-history":[{"count":0,"href":"https:\/\/e-dermato.org\/site\/wp-json\/wp\/v2\/pages\/623\/revisions"}],"wp:attachment":[{"href":"https:\/\/e-dermato.org\/site\/wp-json\/wp\/v2\/media?parent=623"}],"curies":[{"name":"wp","href":"https:\/\/api.w.org\/{rel}","templated":true}]}}