{"id":712,"date":"2022-03-14T10:19:57","date_gmt":"2022-03-14T09:19:57","guid":{"rendered":"https:\/\/e-dermato.org\/site\/?page_id=712"},"modified":"2024-12-23T10:46:00","modified_gmt":"2024-12-23T09:46:00","slug":"notre-equipe","status":"publish","type":"page","link":"https:\/\/e-dermato.org\/site\/notre-equipe\/","title":{"rendered":"Notre \u00e9quipe"},"content":{"rendered":"<div id=\"pl-712\"  class=\"panel-layout\" ><div id=\"pg-712-0\"  class=\"panel-grid panel-no-style\" ><div id=\"pgc-712-0-0\"  class=\"panel-grid-cell\" ><div id=\"panel-712-0-0-0\" class=\"so-panel widget widget_sow-editor panel-first-child panel-last-child\" data-index=\"0\" ><div\n\t\t\t\n\t\t\tclass=\"so-widget-sow-editor so-widget-sow-editor-base\"\n\t\t\t\n\t\t>\n<div class=\"siteorigin-widget-tinymce textwidget\">\n\t<p><span style=\"color: #b50131; font-size: 20px;\"><strong>\u00c9QUIPE PEDAGOGIQUE\u00a0: <\/strong><\/span><\/p>\n<ol>\n<li>Marie Aleth RICHARD<\/li>\n<li>BEYLOT \u2013 BARRY Marie<\/li>\n<li>Brigitte Dreno<\/li>\n<li>Dedee Murrell<\/li>\n<li>Nejib Doss<\/li>\n<li>Aleksandra Lesiak<\/li>\n<li>Asmahane Souissi<\/li>\n<li>Olivier Chosidow<\/li>\n<li>Rodney Hay<\/li>\n<li>Micheline Chalouhi<\/li>\n<li>Aimilios Lallas<\/li>\n<li>Anne Dompmartin<\/li>\n<li>Amor Khachemoune<\/li>\n<li>Mohammad Jafferany<\/li>\n<li>Ismael Maatouk<\/li>\n<li>Les coordinateurs au niveau des sites d\u2019application\u2026.<\/li>\n<\/ol>\n<p>Se r\u00e9unit en session ordinaire ou extraordinaire pour d\u00e9lib\u00e9rer sur les r\u00e9sultats d\u00e9finitifs des \u00e9tudiants par programme et fournir ainsi le r\u00e9sultat d\u00e9finitif.<\/p>\n<p><span style=\"font-size: 20px; color: #b50131;\"><strong>DIRECTEUR DE PROGRAMME\u00a0:<\/strong><\/span><\/p>\n<ul>\n<li>Ibrahima Traor\u00e9<\/li>\n<\/ul>\n<p><span style=\"font-size: 20px; color: #b50131;\"><strong>CONSEIL SCIENTIFIQUE<\/strong><\/span><\/p>\n<p><strong><em>Le conseil scientifique facilite les partenariats avec les soci\u00e9t\u00e9s savantes dans le monde<\/em><\/strong>. Dans ce cadre, les membres de conseil peuvent fournir des suggestions ou des recommandations au directeur de programme pour une meilleure qualit\u00e9 de l\u2019enseignement, de la formation ou du partenariat.<\/p>\n<ol>\n<li>Brigitte Dreno : ILDS<\/li>\n<li>Aleksandra Lesiak\u00a0: EADV<\/li>\n<li>Dedee Murrell: EADV, IFD<\/li>\n<li>Nejib Doss et Dr Asmahane Souissi\u00a0: Soci\u00e9t\u00e9 Tunisienne de Dermato<\/li>\n<li>Nejib Doss\u00a0: Pan Arab League of Dermatology\u2026..+ soci\u00e9t\u00e9s arabes de dermatologie (MENA)<\/li>\n<li>Marie-Beylot BARRY\u00a0: SFD<\/li>\n<li>Marie Aleth RICHARD\u00a0: ADF, Coll\u00e8ge des enseignant de Dermatologie de France (CEDEF)<\/li>\n<li>Ismael Maatouk : Universit\u00e9 Saint Joseph de Beyrouth-Liban<\/li>\n<li>Mohammad Jafferany\u00a0: APMNA<\/li>\n<li>Aimilios Lallas\u00a0: IDS<\/li>\n<li>Micheline Chalouhi\u00a0: Soci\u00e9t\u00e9 Libanaise de dermatologie et facult\u00e9s de dermatologie au Liban<\/li>\n<li>Mamadi 5 K\u00e9ita\u00a0: Doyen de la Facult\u00e9 de l\u2019Universit\u00e9 La Source de Conakry<\/li>\n<li>Fod\u00e9 Mohamed Sylla\u00a0: Vice-Recteur \u00e0 la recherche \u00e0 l\u2019Universit\u00e9 La Source de Conakry<\/li>\n<\/ol>\n<p><span style=\"color: #b50131; font-size: 20px;\"><strong>COORDINATEUR DU CONGRES ANNUEL GLOBAL EN LIGNE (WORLD SKIN HEALTH DAY ET AUTRES..) ET CONSEILLER DES COMMUNICATIONS EXTERNES ENVERS LES MEDIAS\u00a0:<\/strong><\/span><\/p>\n<ul>\n<li>Dr Christophe HSU<\/li>\n<\/ul>\n<p><span style=\"font-size: 20px; color: #b50131;\"><strong>RESPONSABLE SERVICE ADMISSION D\u2019ETUDIANT A LA FORMATION<\/strong><\/span><\/p>\n<ul>\n<li>Dr Aboubacar Sal\u00e9matou Sylla<strong>\u00a0<\/strong><\/li>\n<\/ul>\n<p><span style=\"font-size: 20px; color: #b50131;\"><strong>RESPONSABLE SECRETARIAT<\/strong><\/span><\/p>\n<ul>\n<li>Mr Balla Moussa Diabat\u00e9<\/li>\n<\/ul>\n<p><span style=\"font-size: 20px; color: #b50131;\"><strong>RESPONSABLE COMPTABILITE<\/strong><\/span><\/p>\n<p>&nbsp;<\/p>\n<p>&nbsp;<\/p>\n<\/div>\n<\/div><\/div><\/div><\/div><\/div><script type=\"text\/javascript\">tagSinglePost(712);<\/script>","protected":false},"excerpt":{"rendered":"<p>\u00c9QUIPE PEDAGOGIQUE\u00a0: Marie Aleth RICHARD BEYLOT \u2013 BARRY Marie Brigitte Dreno Dedee Murrell Nejib Doss Aleksandra Lesiak Asmahane Souissi Olivier Chosidow Rodney Hay Micheline Chalouhi Aimilios Lallas Anne Dompmartin Amor Khachemoune Mohammad Jafferany Ismael Maatouk Les coordinateurs au niveau des sites d\u2019application\u2026. Se r\u00e9unit en session ordinaire ou extraordinaire pour d\u00e9lib\u00e9rer sur les r\u00e9sultats d\u00e9finitifs [&hellip;]<\/p>\n","protected":false},"author":7,"featured_media":0,"parent":0,"menu_order":0,"comment_status":"closed","ping_status":"closed","template":"","meta":{"footnotes":""},"class_list":["post-712","page","type-page","status-publish","hentry","post"],"_links":{"self":[{"href":"https:\/\/e-dermato.org\/site\/wp-json\/wp\/v2\/pages\/712","targetHints":{"allow":["GET"]}}],"collection":[{"href":"https:\/\/e-dermato.org\/site\/wp-json\/wp\/v2\/pages"}],"about":[{"href":"https:\/\/e-dermato.org\/site\/wp-json\/wp\/v2\/types\/page"}],"author":[{"embeddable":true,"href":"https:\/\/e-dermato.org\/site\/wp-json\/wp\/v2\/users\/7"}],"replies":[{"embeddable":true,"href":"https:\/\/e-dermato.org\/site\/wp-json\/wp\/v2\/comments?post=712"}],"version-history":[{"count":0,"href":"https:\/\/e-dermato.org\/site\/wp-json\/wp\/v2\/pages\/712\/revisions"}],"wp:attachment":[{"href":"https:\/\/e-dermato.org\/site\/wp-json\/wp\/v2\/media?parent=712"}],"curies":[{"name":"wp","href":"https:\/\/api.w.org\/{rel}","templated":true}]}}