{"id":96,"date":"2018-02-02T17:58:26","date_gmt":"2018-02-02T16:58:26","guid":{"rendered":"https:\/\/e-dermato.org\/site\/?page_id=96"},"modified":"2024-03-07T14:33:28","modified_gmt":"2024-03-07T13:33:28","slug":"le-programme","status":"publish","type":"page","link":"https:\/\/e-dermato.org\/site\/le-programme\/","title":{"rendered":"Le programme"},"content":{"rendered":"<div id=\"pl-96\"  class=\"panel-layout\" ><div id=\"pg-96-0\"  class=\"panel-grid panel-no-style\" ><div id=\"pgc-96-0-0\"  class=\"panel-grid-cell\" ><div id=\"panel-96-0-0-0\" class=\"so-panel widget widget_black-studio-tinymce widget_black_studio_tinymce panel-first-child panel-last-child\" data-index=\"0\" ><div class=\"textwidget\"><p><span style=\"font-size: 20px;\"><strong><span style=\"color: #b50131;\">Niveau 1 :<br \/>\n<\/span><\/strong><\/span><strong>CHAPITRE 1<\/strong> : La Peau<br \/>\n<strong>CHAPITRE 2<\/strong> : Histoire Dermatologique <br \/>\n<strong>CHAPITRE 3<\/strong> : Investigations et Proc\u00e9dures <br \/>\n<strong>CHAPITRE 4\u00a0<\/strong>: Maladies cutan\u00e9es inflammatoires courantes<br \/>\n<strong>CHAPITRE 5<\/strong>\u00a0: Troubles bulleux<br \/>\n<strong>CHAPITRE 6\u00a0:<\/strong> L\u00e9sions b\u00e9nignes et malignes<br \/>\n<strong>CHAPITRE 7\u00a0<\/strong>: Infections et infestations cutan\u00e9es<br \/>\n<strong>CHAPITRE 8\u00a0:<\/strong> Peau et m\u00e9decine interne<br \/>\n<strong>CHAPITRE 9\u00a0:<\/strong> Dermatologie d\u2019urgence<br \/>\n<strong>CHAPITRE 10\u00a0:<\/strong> Th\u00e9rapeutique<br \/>\n<strong>CHAPITRE 11 :<\/strong> Maladie des ulc\u00e8res g\u00e9nitaux<br \/>\n<strong>CHAPITRE 12 :<\/strong> Dermatoses tropicales<\/p>\n<p><a href=\"https:\/\/e-dermato.org\/site\/wp-content\/uploads\/Programme-niveau-1-V.2.pdf\" target=\"_blank\" rel=\"noopener\"><span style=\"color: #bf0b0b;\"><strong>Pour connaitre les d\u00e9tails et les conditions : t\u00e9l\u00e9charger le PDF<\/strong><\/span><\/a><\/p>\n<p><span style=\"font-size: 20px;\"><strong><span style=\"color: #b50131;\">Niveau 2\u00a0:<\/span><\/strong><\/span>\u00a0 \u00a0 \u00a0 \u00a0 \u00a0<\/p>\n<p><strong>I . DIPLOME D\u2019ETUDES SUPERIEURES EN DERMATOLOGIE PRATIQUE<\/strong><strong>\u00a0<\/strong><\/p>\n<p><strong>DUREE\u00a0: <\/strong>2 ans<br \/>\n<strong>1<sup>\u00e8re<\/sup> ANNEE\u00a0: <\/strong>2022 \u2013 2023<br \/>\n<strong>DEBUT DES COURS\u00a0: <\/strong>05 Septembre 2022<br \/>\n<strong>NOMBRE D\u2019ETUDIANTS LIMITES\u00a0: <\/strong>15 \u00e0 20<\/p>\n<p><span style=\"color: #b50131;\"><strong><a style=\"color: #b50131;\" href=\"https:\/\/e-dermato.org\/site\/wp-content\/uploads\/Niveau-II-Programme-diplome-de\u0301tudes-supe\u0301rieures-en-Dermatologie.pdf\" target=\"_blank\" rel=\"noopener\">Pour connaitre les conditions : t\u00e9l\u00e9charger le PDF<\/a><\/strong><\/span><\/p>\n<p><strong>II . MSc EN DERMATOLOGIE CLINIQUE<\/strong><\/p>\n<p><strong>\u00a0<\/strong><strong>DUREE\u00a0: <\/strong>1 ans<br \/>\n<strong>ANNEE\u00a0UNIVERSITAIRE : <\/strong>2024 \u2013 2025<br \/>\n<strong>DEBUT DES COURS\u00a0: <\/strong>06 Septembre 2024<br \/>\n<strong>NOMBRE D\u2019ETUDIANTS LIMITES\u00a0: <\/strong>15 \u00e0 20<\/p>\n<p><span style=\"color: #b50131;\"><strong><a style=\"color: #b50131;\" href=\"https:\/\/e-dermato.org\/site\/wp-content\/uploads\/Niveau-II-MSc-en-Dermatologie-clinique.pdf\" target=\"_blank\" rel=\"noopener\">Pour connaitre les conditions : t\u00e9l\u00e9charger le PDF<\/a><\/strong><\/span><\/p>\n<p><strong>III . <\/strong><strong>PhD EN SCIENCES DERMATOLOGIQUES<\/strong><\/p>\n<p><strong>DUREE\u00a0: <\/strong>3 ou 4 ann\u00e9es<\/p>\n<p><span style=\"color: #b50131;\"><strong>L\u2019admission d\u00e9pend des superviseurs et de la disponibilit\u00e9 des sujets de recherche.<\/strong><\/span><\/p><\/div><\/div><\/div><\/div><\/div><script type=\"text\/javascript\">tagSinglePost(96);<\/script>","protected":false},"excerpt":{"rendered":"<p>Niveau 1 : CHAPITRE 1 : La Peau CHAPITRE 2 : Histoire Dermatologique CHAPITRE 3 : Investigations et Proc\u00e9dures CHAPITRE 4\u00a0: Maladies cutan\u00e9es inflammatoires courantes CHAPITRE 5\u00a0: Troubles bulleux CHAPITRE 6\u00a0: L\u00e9sions b\u00e9nignes et malignes CHAPITRE 7\u00a0: Infections et infestations cutan\u00e9es CHAPITRE 8\u00a0: Peau et m\u00e9decine interne CHAPITRE 9\u00a0: Dermatologie d\u2019urgence CHAPITRE 10\u00a0: Th\u00e9rapeutique CHAPITRE [&hellip;]<\/p>\n","protected":false},"author":7,"featured_media":0,"parent":0,"menu_order":0,"comment_status":"closed","ping_status":"closed","template":"","meta":{"footnotes":""},"class_list":["post-96","page","type-page","status-publish","hentry","post"],"_links":{"self":[{"href":"https:\/\/e-dermato.org\/site\/wp-json\/wp\/v2\/pages\/96","targetHints":{"allow":["GET"]}}],"collection":[{"href":"https:\/\/e-dermato.org\/site\/wp-json\/wp\/v2\/pages"}],"about":[{"href":"https:\/\/e-dermato.org\/site\/wp-json\/wp\/v2\/types\/page"}],"author":[{"embeddable":true,"href":"https:\/\/e-dermato.org\/site\/wp-json\/wp\/v2\/users\/7"}],"replies":[{"embeddable":true,"href":"https:\/\/e-dermato.org\/site\/wp-json\/wp\/v2\/comments?post=96"}],"version-history":[{"count":0,"href":"https:\/\/e-dermato.org\/site\/wp-json\/wp\/v2\/pages\/96\/revisions"}],"wp:attachment":[{"href":"https:\/\/e-dermato.org\/site\/wp-json\/wp\/v2\/media?parent=96"}],"curies":[{"name":"wp","href":"https:\/\/api.w.org\/{rel}","templated":true}]}}